{"id":338,"date":"2025-10-21T15:29:10","date_gmt":"2025-10-21T12:29:10","guid":{"rendered":"https:\/\/kauppa.sallaseeslahti.com\/?post_type=product&#038;p=338"},"modified":"2025-10-21T15:45:24","modified_gmt":"2025-10-21T12:45:24","slug":"lahjakortti-kuvaus-1-tunti-1-kpl-30x40-cm-canvastaulu-3-kpl-digitaalisia-kuvia-tulostusoikeudella","status":"publish","type":"product","link":"https:\/\/kauppa.sallaseeslahti.com\/en\/product\/lahjakortti-kuvaus-1-tunti-1-kpl-30x40-cm-canvastaulu-3-kpl-digitaalisia-kuvia-tulostusoikeudella\/","title":{"rendered":"Lahjakortti: Kuvaus, 30&#215;40 cm canvastaulu ,3 kpl digitaalisia kuvia tulostusoikeudella"},"content":{"rendered":"","protected":false},"excerpt":{"rendered":"<p><strong>Paketti sis\u00e4lt\u00e4\u00e4:<\/strong><br \/>\nKuvaus &#8211; 1 tunti<br \/>\n1 kpl 30&#215;40 cm canvastuulu<br \/>\n3 kpl digitaalisia kuvia tulostusoikeudella.<br \/>\nLahjakortti on voimassa 3 kk ostop\u00e4iv\u00e4st\u00e4<\/p>","protected":false},"featured_media":339,"template":"","meta":{"site-sidebar-layout":"default","site-content-layout":"","ast-site-content-layout":"default","site-content-style":"default","site-sidebar-style":"default","ast-global-header-display":"","ast-banner-title-visibility":"","ast-main-header-display":"","ast-hfb-above-header-display":"","ast-hfb-below-header-display":"","ast-hfb-mobile-header-display":"","site-post-title":"","ast-breadcrumbs-content":"","ast-featured-img":"","footer-sml-layout":"","ast-disable-related-posts":"","theme-transparent-header-meta":"default","adv-header-id-meta":"","stick-header-meta":"","header-above-stick-meta":"","header-main-stick-meta":"","header-below-stick-meta":"","astra-migrate-meta-layouts":"set","ast-page-background-enabled":"default","ast-page-background-meta":{"desktop":{"background-color":"var(--ast-global-color-4)","background-image":"","background-repeat":"repeat","background-position":"center center","background-size":"auto","background-attachment":"scroll","background-type":"","background-media":"","overlay-type":"","overlay-color":"","overlay-opacity":"","overlay-gradient":""},"tablet":{"background-color":"","background-image":"","background-repeat":"repeat","background-position":"center center","background-size":"auto","background-attachment":"scroll","background-type":"","background-media":"","overlay-type":"","overlay-color":"","overlay-opacity":"","overlay-gradient":""},"mobile":{"background-color":"","background-image":"","background-repeat":"repeat","background-position":"center center","background-size":"auto","background-attachment":"scroll","background-type":"","background-media":"","overlay-type":"","overlay-color":"","overlay-opacity":"","overlay-gradient":""}},"ast-content-background-meta":{"desktop":{"background-color":"var(--ast-global-color-5)","background-image":"","background-repeat":"repeat","background-position":"center center","background-size":"auto","background-attachment":"scroll","background-type":"","background-media":"","overlay-type":"","overlay-color":"","overlay-opacity":"","overlay-gradient":""},"tablet":{"background-color":"var(--ast-global-color-5)","background-image":"","background-repeat":"repeat","background-position":"center center","background-size":"auto","background-attachment":"scroll","background-type":"","background-media":"","overlay-type":"","overlay-color":"","overlay-opacity":"","overlay-gradient":""},"mobile":{"background-color":"var(--ast-global-color-5)","background-image":"","background-repeat":"repeat","background-position":"center center","background-size":"auto","background-attachment":"scroll","background-type":"","background-media":"","overlay-type":"","overlay-color":"","overlay-opacity":"","overlay-gradient":""}}},"product_brand":[],"product_cat":[32],"product_tag":[],"class_list":{"0":"post-338","1":"product","2":"type-product","3":"status-publish","4":"has-post-thumbnail","6":"product_cat-lahjakortit","7":"desktop-align-left","8":"tablet-align-left","9":"mobile-align-left","11":"first","12":"instock","13":"taxable","14":"shipping-taxable","15":"purchasable","16":"product-type-pw-gift-card"},"_links":{"self":[{"href":"https:\/\/kauppa.sallaseeslahti.com\/en\/wp-json\/wp\/v2\/product\/338","targetHints":{"allow":["GET"]}}],"collection":[{"href":"https:\/\/kauppa.sallaseeslahti.com\/en\/wp-json\/wp\/v2\/product"}],"about":[{"href":"https:\/\/kauppa.sallaseeslahti.com\/en\/wp-json\/wp\/v2\/types\/product"}],"wp:featuredmedia":[{"embeddable":true,"href":"https:\/\/kauppa.sallaseeslahti.com\/en\/wp-json\/wp\/v2\/media\/339"}],"wp:attachment":[{"href":"https:\/\/kauppa.sallaseeslahti.com\/en\/wp-json\/wp\/v2\/media?parent=338"}],"wp:term":[{"taxonomy":"product_brand","embeddable":true,"href":"https:\/\/kauppa.sallaseeslahti.com\/en\/wp-json\/wp\/v2\/product_brand?post=338"},{"taxonomy":"product_cat","embeddable":true,"href":"https:\/\/kauppa.sallaseeslahti.com\/en\/wp-json\/wp\/v2\/product_cat?post=338"},{"taxonomy":"product_tag","embeddable":true,"href":"https:\/\/kauppa.sallaseeslahti.com\/en\/wp-json\/wp\/v2\/product_tag?post=338"}],"curies":[{"name":"wp","href":"https:\/\/api.w.org\/{rel}","templated":true}]}}