{"id":12,"date":"2024-11-22T12:43:40","date_gmt":"2024-11-22T10:43:40","guid":{"rendered":"https:\/\/kauppa.sallaseeslahti.com\/?page_id=12"},"modified":"2024-12-12T12:32:42","modified_gmt":"2024-12-12T10:32:42","slug":"toimitusehdot","status":"publish","type":"page","link":"https:\/\/kauppa.sallaseeslahti.com\/en\/toimitusehdot\/","title":{"rendered":"Toimitusehdot"},"content":{"rendered":"<p><strong>Tuotteiden postitus<\/strong><br>Toimituksissa k\u00e4yt\u00e4mme Postin toimitustapaa. Jotta voimme varmistaa h\u00e4iri\u00f6tt\u00f6m\u00e4n ja nopean toimituksen, tulee asiakkaan toimittaa sellainen matkapuhelinnumero joka vastaanottaa tekstiviestej\u00e4. Kun l\u00e4hetys on noudettavissa, Posti ilmoittaa l\u00e4hetyksen saapumisesta tekstiviestill\u00e4. T\u00e4m\u00e4 koskee verkossa, puhelimitse tai s\u00e4hk\u00f6postitse tehtyj\u00e4 tilauksia.<\/p>\n\n\n\n<p><strong>Tuotteiden palautus<\/strong><br>Nettimyynniss\u00e4 noudatetaan 14 p\u00e4iv\u00e4n palautusoikeutta. Asusteissa palautettavan tuotteen tulee olla k\u00e4ytt\u00e4m\u00e4t\u00f6n ja edelleen myyt\u00e4viss\u00e4. Mahdollisissa tuotevirheiss\u00e4 toimitamme ensisijaisesti tilalle uuden tuotteen.<\/p>\n\n\n\n<p><strong>Maksaminen<\/strong><br>Verkkokaupassa ostokset maksetaan joko noutaessa liikkeest\u00e4 tai tilisiirrolla ennakkoon.<\/p>\n\n\n\n<p><strong>Toimitusmaksu<\/strong><br>Verkkokaupassa ilmoitettu toimitusmaksu sis\u00e4lt\u00e4\u00e4 toimituksen Suomeen. Mik\u00e4li asiakkaan toimitusosoite sijaitsee Suomen rajojen ulkopuolella, laskutetaan asiaskasta toimituksesta aiheutuneilla mahdollisilla lis\u00e4kuluilla.<\/p>\n\n\n\n<p><strong>Postipakettien s\u00e4ilytys<\/strong><br>Suomen Posti Oy s\u00e4ilytt\u00e4\u00e4 postil\u00e4hetyksi\u00e4 7 vuorokautta tavaran saapumisen ja saapumisilmoituksen l\u00e4hett\u00e5misen j\u00e4lkeen. Mik\u00e4li asiakas ei noud\u00e4 l\u00e4hetyst\u00e4 s\u00e4ilytysajan puitteissa, paketti palautuu. Mahdoillinen uudelleen l\u00e4hetys ja sen kulut j\u00e4\u00e4v\u00e4t t\u00e4ll\u00f6in asiakkaan maksettaviksi.<\/p>\n\n\n\n<p><strong>Asiakaspalautus<\/strong><br>Asiakkaalla on oikeus palauttaa viallinen tai rikkin\u00e4inen tuote. Tuote vaihdetaan ensisijaisesti ehj\u00e4\u00e4n tai uuteen.<\/p>\n\n\n\n<p><strong>Kuvien tekij\u00e4noikeudet<\/strong><br>Palveluun l\u00e4hetettyjen valokuvien tekij\u00e4noikeudet ovat valokuvaajan omaisuutta. Palveluntarjoaja ei omista eik\u00e4 myy k\u00e4ytt\u00f6oikeuksia valokuviin vaan toimii kuvamyynniss\u00e4 ainoastaan maksun\u00adv\u00e4lit\u00adt\u00e4\u00adj\u00e4\u00adn\u00e4. Kuvien k\u00e4ytt\u00f6oikeuksiin liittyviss\u00e4 asioissa ota yhteytt\u00e4 suoraan valokuvaajaan. L\u00e4hett\u00e4m\u00e4ll\u00e4 kuvat verkkopalveluun kuvaaja on my\u00f6nt\u00e4nyt palveluntarjoajalle oikeuden esitt\u00e4\u00e4 kuvia verkkopalvelussaan kuvaajan itsens\u00e4 m\u00e4\u00e4rittelem\u00e4lle kohderyhm\u00e4lle.<\/p>\n\n\n\n<p><strong>Tuotteiden vaihto- ja palautusoikeus<\/strong><br>L\u00e4ht\u00f6kohtaisesti palvelussa myyt\u00e4vill\u00e4 tuotteilla ei ole palautusoikeutta koska tuotteet eiv\u00e4t ole j\u00e4lleenmyyt\u00e4vi\u00e4 ts. palautettuja tuotteita ei voida myyd\u00e4 eteenp\u00e4in vaikka ne olisivat virheett\u00f6m\u00e4ss\u00e4 kunnossa. Myyt\u00e4vill\u00e4 tuotteilla on 14 vuorokauden vaihto-oikeus valmistusvirheiden varalta. Havaitessaan t\u00e4llaisen virheen asiakkaan on viipym\u00e4tt\u00e4 ilmoitettava tuotteen toimittajalle asiasta.<\/p>\n\n\n\n<p><strong>Kuvien rajaukset ja v\u00e4ris\u00e4vyt<\/strong><br>N\u00e4ytt\u00f6- ja painoteknisist\u00e4 syist\u00e4 valmiiden kuvatuotteiden v\u00e4ris\u00e4vyt saattavat poiketa n\u00e4yt\u00f6ll\u00e4 n\u00e4kyvist\u00e4. Palvelussa teht\u00e4v\u00e4 kuvan rajaus on suuntaa antava. Valmiin kuvatuotteen rajaus saattaa poiketa palvelussa tehdyst\u00e4 rajauksesta.<\/p>\n\n\n\n<p><strong>Vastuuvapautuslauseke<\/strong><br>Palvelun tuottaja ei lupaa, ett\u00e4 sivusto tai mik\u00e4\u00e4n sivuston sis\u00e4lt\u00f6, palvelu tai ominaisuus on virheet\u00f6n tai toiminnaltaan keskeytym\u00e4t\u00f6n tai ett\u00e4 mahdolliset viat tullaan korjaamaan tai ett\u00e4 sivuston k\u00e4ytt\u00f6 johtaa tiettyyn lopputulokseen. Sivusto ja sen sis\u00e4lt\u00f6 tarjotaan \u201dsellaisinaan\u201d. Kaikki sivustolla tarjottava tieto voi muuttua ilmoittamatta. Palvelun tuottaja ei voi taata, ett\u00e4 sivustolta hakemasi tiedostot ja muu data eiv\u00e4t sis\u00e4lt\u00e4isi viruksia tai muita haittaohjelmia tai tuhoisia ominaisuuksia. Palvelun tuottaja sanoutuu irti kaikista suorista tai v\u00e4lillisist\u00e4 takuista, mukaan lukien kaikki takuut t\u00e4sm\u00e4llisyydest\u00e4, oikeuksien loukkaamattomuudesta, kaupallisesta k\u00e4ytt\u00f6kelpoisuudesta ja soveltuvuudesta tiettyyn tarkoitukseen. Palvelun tuottaja sanoutuu irti kaikista vastuista koskien kaikkien kolmansien osapuolten toimia, tekem\u00e4tt\u00e4 j\u00e4tt\u00e4misi\u00e4 ja toimintaa sivuston ja\/tai palvelun tuottajan palveluiden k\u00e4ytt\u00f6\u00f6si liittyen tai sen yhteydess\u00e4. Olet t\u00e4ysin vastuussa sivuston ja kaikkien linkitettyjen sivustojen k\u00e4yt\u00f6st\u00e4si. Mik\u00e4li olet tyytym\u00e4t\u00f6n t\u00e4h\u00e4n sivustoon tai mihink\u00e4\u00e4n sis\u00e4lt\u00f6\u00f6n, palvelun tuottaja ei my\u00f6nn\u00e4 mit\u00e4\u00e4n korvauksia, vaan ainoa tarjolla oleva korjauskeino asiaan on, ett\u00e4 lopetat sivuston tai kyseisen sis\u00e4ll\u00f6n k\u00e4yt\u00f6n.<\/p>\n\n\n\n<p>Yll\u00e4 oleva vastuuvapautus koskee kaikkia vahinkoja, vastuita ja loukkaantumisia, jotka aiheutuvat toiminnan tai tiedonsiirron suorittamatta j\u00e4tt\u00e4misest\u00e4, virheest\u00e4, pois j\u00e4\u00e4misest\u00e4, keskeytyksest\u00e4, poistamisesta, viasta tai viiveest\u00e4 tai tietokoneviruksesta, viestint\u00e4linjan toimimattomuudesta, varkaudesta, tuhoutumisesta tai luvattomasta p\u00e4\u00e4syst\u00e4, muuntamisesta tai k\u00e4yt\u00f6st\u00e4, olipa kyse sopimuksen rikkomisesta, rikkomuksesta, laiminly\u00f6nnist\u00e4 tai mist\u00e4 tahansa muusta perusteesta.<\/p>\n\n\n\n<p>Palvelun tuottaja pid\u00e4tt\u00e4\u00e4 itsell\u00e4\u00e4n oikeuden tehd\u00e4 mit\u00e4 tahansa seuraavista milloin tahansa asiasta ilmoittamatta: (1) muokata Sivuston tai sen mink\u00e4 tahansa osan toimintaa tai p\u00e4\u00e4sy\u00e4 niihin tai keskeytt\u00e4\u00e4 tai lopettaa Sivuston tai sen mink\u00e4 tahansa osan toiminta tai p\u00e4\u00e4sy niihin mist\u00e4 tahansa syyst\u00e4; (2) muokata tai muuttaa Sivustoa tai sen mit\u00e4 tahansa osaa ja kaikkia sovellettavia politiikkoja tai s\u00e4\u00e4nt\u00f6j\u00e4 tai ehtoja; ja (3) keskeytt\u00e4\u00e4 Sivuston tai sen mink\u00e4 tahansa osan toiminnan suorittaakseen tavallisia tai poikkeuksellisia yll\u00e4pitotoimia, virheiden korjauksia tai muita muutoksia varten.<\/p>\n\n\n\n<p><\/p>","protected":false},"excerpt":{"rendered":"<p>Tuotteiden postitusToimituksissa k\u00e4yt\u00e4mme Postin toimitustapaa. Jotta voimme varmistaa h\u00e4iri\u00f6tt\u00f6m\u00e4n ja nopean toimituksen, tulee asiakkaan toimittaa sellainen matkapuhelinnumero joka vastaanottaa tekstiviestej\u00e4. [&hellip;]<\/p>\n","protected":false},"author":1,"featured_media":0,"parent":0,"menu_order":0,"comment_status":"closed","ping_status":"closed","template":"","meta":{"site-sidebar-layout":"default","site-content-layout":"","ast-site-content-layout":"default","site-content-style":"default","site-sidebar-style":"default","ast-global-header-display":"","ast-banner-title-visibility":"","ast-main-header-display":"","ast-hfb-above-header-display":"","ast-hfb-below-header-display":"","ast-hfb-mobile-header-display":"","site-post-title":"","ast-breadcrumbs-content":"","ast-featured-img":"","footer-sml-layout":"","ast-disable-related-posts":"","theme-transparent-header-meta":"","adv-header-id-meta":"","stick-header-meta":"","header-above-stick-meta":"","header-main-stick-meta":"","header-below-stick-meta":"","astra-migrate-meta-layouts":"default","ast-page-background-enabled":"default","ast-page-background-meta":{"desktop":{"background-color":"var(--ast-global-color-4)","background-image":"","background-repeat":"repeat","background-position":"center center","background-size":"auto","background-attachment":"scroll","background-type":"","background-media":"","overlay-type":"","overlay-color":"","overlay-opacity":"","overlay-gradient":""},"tablet":{"background-color":"","background-image":"","background-repeat":"repeat","background-position":"center center","background-size":"auto","background-attachment":"scroll","background-type":"","background-media":"","overlay-type":"","overlay-color":"","overlay-opacity":"","overlay-gradient":""},"mobile":{"background-color":"","background-image":"","background-repeat":"repeat","background-position":"center center","background-size":"auto","background-attachment":"scroll","background-type":"","background-media":"","overlay-type":"","overlay-color":"","overlay-opacity":"","overlay-gradient":""}},"ast-content-background-meta":{"desktop":{"background-color":"var(--ast-global-color-5)","background-image":"","background-repeat":"repeat","background-position":"center center","background-size":"auto","background-attachment":"scroll","background-type":"","background-media":"","overlay-type":"","overlay-color":"","overlay-opacity":"","overlay-gradient":""},"tablet":{"background-color":"var(--ast-global-color-5)","background-image":"","background-repeat":"repeat","background-position":"center center","background-size":"auto","background-attachment":"scroll","background-type":"","background-media":"","overlay-type":"","overlay-color":"","overlay-opacity":"","overlay-gradient":""},"mobile":{"background-color":"var(--ast-global-color-5)","background-image":"","background-repeat":"repeat","background-position":"center center","background-size":"auto","background-attachment":"scroll","background-type":"","background-media":"","overlay-type":"","overlay-color":"","overlay-opacity":"","overlay-gradient":""}},"footnotes":""},"class_list":["post-12","page","type-page","status-publish","hentry"],"_links":{"self":[{"href":"https:\/\/kauppa.sallaseeslahti.com\/en\/wp-json\/wp\/v2\/pages\/12","targetHints":{"allow":["GET"]}}],"collection":[{"href":"https:\/\/kauppa.sallaseeslahti.com\/en\/wp-json\/wp\/v2\/pages"}],"about":[{"href":"https:\/\/kauppa.sallaseeslahti.com\/en\/wp-json\/wp\/v2\/types\/page"}],"author":[{"embeddable":true,"href":"https:\/\/kauppa.sallaseeslahti.com\/en\/wp-json\/wp\/v2\/users\/1"}],"replies":[{"embeddable":true,"href":"https:\/\/kauppa.sallaseeslahti.com\/en\/wp-json\/wp\/v2\/comments?post=12"}],"version-history":[{"count":7,"href":"https:\/\/kauppa.sallaseeslahti.com\/en\/wp-json\/wp\/v2\/pages\/12\/revisions"}],"predecessor-version":[{"id":315,"href":"https:\/\/kauppa.sallaseeslahti.com\/en\/wp-json\/wp\/v2\/pages\/12\/revisions\/315"}],"wp:attachment":[{"href":"https:\/\/kauppa.sallaseeslahti.com\/en\/wp-json\/wp\/v2\/media?parent=12"}],"curies":[{"name":"wp","href":"https:\/\/api.w.org\/{rel}","templated":true}]}}